{"id":270,"date":"2019-01-22T20:05:09","date_gmt":"2019-01-22T17:05:09","guid":{"rendered":"http:\/\/www.tvturk.com\/?page_id=270"},"modified":"2019-01-22T20:45:08","modified_gmt":"2019-01-22T17:45:08","slug":"tvturk-gizlilik-ve-veri-politikasi","status":"publish","type":"page","link":"http:\/\/www.tvturk.com\/index.php\/tvturk-gizlilik-ve-veri-politikasi\/","title":{"rendered":"tvTurk Gizlilik ve Veri Politikas\u0131"},"content":{"rendered":"\n<h2 class=\"wp-block-heading\">Biz kimiz<\/h2>\n\n\n\n<p>Pelit Medya Bas\u0131n Yay\u0131n \u0130leti\u015fim A.\u015e. yay\u0131n\u0131 tvTurk.com Web sitemizin adresi: http:\/\/www.tvTurk.com.<\/p>\n\n\n\n<h2 class=\"wp-block-heading\">KVKK VE B\u0130LG\u0130 G\u00dcVENL\u0130\u011e\u0130 <\/h2>\n\n\n\n<p>TvTurk olarak \u00f6nceliklerimizden birisi de ki\u015fisel bilgilerin g\u00fcvenli\u011fini sa\u011flamakt\u0131r. Ki\u015fisel verilerin korunmas\u0131 ve g\u00fcvenli\u011fine ili\u015fkin t\u00fcm yasal d\u00fczenleme ve kanunlara uygun davranmak en \u00f6nemli kural\u0131m\u0131zd\u0131r. <\/p>\n\n\n\n<p><strong>Veri Gizlili\u011fini Korumaya \u0130li\u015fkin Taahh\u00fcd\u00fcm\u00fcz<\/strong> <\/p>\n\n\n\n<p>Ki\u015fisel verilerinizin g\u00fcvenli\u011fini ve gizlili\u011fini korumak bizim i\u00e7in \u00e7ok \u00f6nemlidir. Bu nedenle faaliyetlerimizi ger\u00e7ekle\u015ftirirken elde etmi\u015f oldu\u011fumuz \u00fc\u00e7\u00fcnc\u00fc taraf bilgileri bizim i\u00e7in tamamen \u00f6zel bilgi kapsam\u0131nda de\u011ferlendirilir. A\u015fa\u011f\u0131da \u00f6zetlenen bilgi g\u00fcvenli\u011fi ve gizlilik politikam\u0131z, bu bilgileri nas\u0131l ve ne ama\u00e7la kulland\u0131\u011f\u0131m\u0131z\u0131 belirtmektedir. <\/p>\n\n\n\n<p><strong>Ki\u015fisel Bilgiler <\/strong><\/p>\n\n\n\n<p>G\u00f6n\u00fcll\u00fc olarak bize vermeyi tercih etmedi\u011finiz s\u00fcrece (\u00f6rn. kay\u0131t, anket, bilgi istek formlar\u0131 vs. yoluyla) web sitelerimiz arac\u0131l\u0131\u011f\u0131yla sizin r\u0131zan\u0131z olmadan ki\u015fisel verilerinizin korunmas\u0131 i\u00e7in uygulanabilen kanun ve d\u00fczenlemelerce m\u00fcsaade edilenler d\u0131\u015f\u0131nda, TvTurk sizin hakk\u0131n\u0131zda herhangi bir ki\u015fisel veri (\u00f6rn. ad\u0131n\u0131z, adresiniz, telefon numaran\u0131z veya e-posta adresiniz gibi) toplamaz ve yay\u0131nlamaz. <\/p>\n\n\n\n<p><strong>Kullan\u0131m Amac\u0131<\/strong> <\/p>\n\n\n\n<p>Ki\u015fisel verilerinizi bize verdi\u011finiz zaman bu verileri genelde sorular\u0131n\u0131z\u0131 yan\u0131tlamak, sipari\u015finizi i\u015fleme almak veya belirli bilgilere veya tekliflere eri\u015fiminizi sa\u011flamak amac\u0131yla kullan\u0131r\u0131z. Ayr\u0131ca, sizinle olan m\u00fc\u015fteri ili\u015fkimizi desteklemek i\u00e7in, i\u015f gereksinimlerinizi daha iyi anlamak, \u00fcr\u00fcnlerimizi ve hizmetlerimizi geli\u015ftirmek i\u00e7in ki\u015fisel verileri saklayabilir, i\u015fleyebilir, d\u00fcnya \u00e7ap\u0131ndaki i\u015f ortaklar\u0131m\u0131z ile payla\u015fabiliriz. Kurulu\u015fumuz (veya bizim ad\u0131m\u0131za \u00fc\u00e7\u00fcnc\u00fc bir taraf), m\u00fc\u015fterilerimizin gereksinimlerini daha iyi anlamak amac\u0131yla internet anketleri yapmak veya i\u015f gereksinimlerinize destek olarak bir TvTurk teklifi hakk\u0131nda sizinle ileti\u015fim kurmak i\u00e7in ki\u015fisel verilerinizi kullanabilir. <\/p>\n\n\n\n<p><strong>\u0130leti\u015fim veya Bilgilerin Kullan\u0131m\u0131<\/strong> <\/p>\n\n\n\n<p>Web sitemize eri\u015fmek i\u00e7in telekom\u00fcnikasyon hizmetlerini kullan\u0131m\u0131n\u0131zla ilgili olarak, ileti\u015fim verileriniz (\u00f6rn. IP adresi) veya verilerin kullan\u0131m\u0131 (\u00f6rne\u011fin, her eri\u015fim ba\u015flang\u0131c\u0131, bitimi s\u00fcresi ve kapsam\u0131 ile eri\u015fti\u011finiz ileti\u015fim hizmetleri hakk\u0131nda bilgiler) teknik olarak \u00fcretilir ve makul olarak ki\u015fisel verilerinizle ili\u015fkilendirilebilir. Zorlay\u0131c\u0131 bir gereklilik oldu\u011funda, ileti\u015fim bilgilerinizin veya kullan\u0131m verilerinin toplanmas\u0131, i\u015flenmesi ve kullan\u0131m\u0131 ortaya \u00e7\u0131kacakt\u0131r ve uygulanabilir veri gizlili\u011fi korumas\u0131 yasal \u00e7er\u00e7evesine g\u00f6re i\u015flem yap\u0131lacakt\u0131r. <\/p>\n\n\n\n<p><strong>Otomatik Olarak Toplanan Ki\u015fisel Olmayan Veriler<\/strong> <\/p>\n\n\n\n<p>Web sitelerimize eri\u015fti\u011finiz zaman, ki\u015fisel olmayan verileri (\u00f6rne\u011fin, kullan\u0131lan \u0130nternet taray\u0131c\u0131s\u0131 ve i\u015fletim sisteminin t\u00fcr\u00fc, geldi\u011finiz web sitesinin alan ad\u0131, ziyaret say\u0131s\u0131, sitede harcanan ortalama s\u00fcre, g\u00f6r\u00fcnt\u00fclenen sayfalar) otomatik olarak toplayabiliriz. Web sitelerimizin \u00e7ekicili\u011fini izlemek ve performans\u0131n\u0131 ya da i\u00e7eri\u011fini geli\u015ftirmek amac\u0131yla bu verileri kullanabilir ve d\u00fcnya \u00e7ap\u0131ndaki i\u015f ortaklar\u0131m\u0131z ile payla\u015fabiliriz. <\/p>\n\n\n\n<p><strong>\u00c7ocuklar<\/strong> <\/p>\n\n\n\n<p>TvTurk, y\u00fcr\u00fcrl\u00fckteki kanunlar gerektirdi\u011fi takdirde, \u00f6nceden ebeveynlerinden izin almalar\u0131 konusunda \u0131srar etmeden \u00e7ocuklardan ki\u015fisel bilgileri kas\u0131tl\u0131 olarak toplamaz. Bir \u00e7ocukla ilgili ki\u015fisel verileri, kanunlar izin verdi\u011fi m\u00fcddet\u00e7e, yerel yasa ve y\u00f6netmeliklere uygun olarak ebeveyn iznini talep etmek veya bir \u00e7ocu\u011fu korumak i\u00e7in kullanacak ya da a\u00e7\u0131klayacakt\u0131r. <\/p>\n\n\n\n<p><strong>G\u00fcvenlik<\/strong> <\/p>\n\n\n\n<p>TvTurk, kazara veya yasa d\u0131\u015f\u0131 imha, kay\u0131p veya de\u011fi\u015fiklik ve yetkisiz a\u00e7\u0131klama ya da eri\u015fime kar\u015f\u0131 ki\u015fisel verilerinizi korumak i\u00e7in, teknik ve yap\u0131sal g\u00fcvenlik \u00f6nlemleri kullanmaktad\u0131r. Yasalara ve d\u00fcnya standartlar\u0131na uygun olarak kurulmu\u015f KYS (Kalite Y\u00f6netim Sistemi) ve BGYS (Bilgi G\u00fcvenli\u011fi Y\u00f6netim Sistemi) ile RYS (Risk Y\u00f6netimi Sistemi) \u2018miz ile verilerin g\u00fcvenli\u011fine ili\u015fkin hem organizasyonel, hem yap\u0131sal hem de teknik i\u00e7erikli tedbirlerimiz azami \u00f6l\u00e7\u00fcde sa\u011flanm\u0131\u015ft\u0131r. <\/p>\n\n\n\n<p><strong>\u0130nsan Fakt\u00f6r\u00fc ve \u00dc\u00e7\u00fcnc\u00fc \u015eah\u0131slar<\/strong> <\/p>\n\n\n\n<p>TvTurk, g\u00f6n\u00fcll\u00fc olarak bize vermi\u015f oldu\u011funuz verileri depolarken, yedeklerken, ta\u015f\u0131rken ve kullan\u0131rken yukar\u0131da bahsi ge\u00e7en g\u00fcvenlik tedbirlerine ek olarak i\u00e7 \u00e7al\u0131\u015fanlar\u0131, ziyaret amac\u0131 ile gelen \u00fc\u00e7\u00fcnc\u00fc \u015fah\u0131slar, i\u015f yapmak amac\u0131 ile gelen \u00fc\u00e7\u00fcnc\u00fc \u015fah\u0131slara kar\u015f\u0131, yetkisiz eri\u015fimleri \u00f6nlemek amac\u0131 ile fiziki tedbirler de alm\u0131\u015ft\u0131r. (\u00d6rn; temiz ekran, temiz bilgisayar ve temiz masa politikas\u0131 gibi) <\/p>\n\n\n\n<p><strong>Bilgilerin \u0130mhas\u0131<\/strong> <\/p>\n\n\n\n<p>TvTurk olarak bize g\u00f6n\u00fcll\u00fc olarak vermi\u015f olsan\u0131z dahi size ait bilgileri talep etmeniz halinde imha ederek yok edecektir. Fakat bu s\u00fcre\u00e7 i\u00e7erisinde yukar\u0131da a\u00e7\u0131klanm\u0131\u015f oldu\u011fu \u00e7er\u00e7eve i\u00e7erisinde \u00fc\u00e7\u00fcnc\u00fc \u015fah\u0131slar ile payla\u015f\u0131lm\u0131\u015f olan bilgilerin imhas\u0131 sorumlulu\u011fumuz alt\u0131nda de\u011fildir. <\/p>\n\n\n\n<h2 class=\"wp-block-heading\">\u00c7EREZ POL\u0130T\u0130KASI <\/h2>\n\n\n\n<p>\u0130\u015fbu Web Sitesi \u00c7erez Politikas\u0131 (k\u0131saca \u201cPOL\u0130T\u0130KA\u201d olarak an\u0131lacakt\u0131r.) tvTurk.com (k\u0131saca \u201ctvTurk\u201d olarak an\u0131lacakt\u0131r.) taraf\u0131ndan y\u00f6netilen internet siteleri ve mobil platformlar, \u00fc\u00e7\u00fcnc\u00fc parti programlar veya internet siteleri \u00fczerinden eri\u015filen, kullan\u0131lan platformlar\u0131n hepsi i\u00e7in ge\u00e7erlidir. Web sitemize \u015fahsi herhangi bir bilgi vermeden ziyaret edebilir, \u00fcr\u00fcnlerimiz ve servislerimiz hakk\u0131nda bilgi alarak ihtiya\u00e7lar\u0131n\u0131z\u0131 kar\u015f\u0131layabilirsiniz. Ziyaretlerde site kullan\u0131m\u0131na ili\u015fkin bilgi toplamak i\u00e7in \u00e7erez kullan\u0131lmaktad\u0131r. Buradaki amac\u0131m\u0131z; web sitemizi ziyaret eden kullan\u0131c\u0131ya kolayl\u0131k sa\u011flamak ve i\u015fleyi\u015fi daha iyi hale getirmek \u00fczere \u00e7al\u0131\u015fmakt\u0131r. \u00c7erez, bir internet sitesinin d\u00fczg\u00fcn bir \u015fekilde \u00e7al\u0131\u015fmas\u0131, kullan\u0131c\u0131 deneyiminin iyile\u015ftirilmesi, sitenin geli\u015ftirilmesi ve optimize edilmesi, daha uygun, ilgiye dayal\u0131 reklam sunma, ziyaret\u00e7iler i\u00e7in ilgi \u00e7ekici ve ki\u015fiselle\u015ftirilmi\u015f bir internet sitesi\/uygulama ve reklam portf\u00f6y\u00fc sunmak amac\u0131yla cihazlara (bilgisayar, telefon, tablet) yerle\u015ftirilen k\u00fc\u00e7\u00fck veri par\u00e7ac\u0131klar\u0131d\u0131r. <\/p>\n\n\n\n<p><strong>\u00c7erez T\u00fcrleri :<\/strong> \u00c7erezler farkl\u0131 s\u0131n\u0131fland\u0131rma t\u00fcrlerine g\u00f6re farkl\u0131 t\u00fcrlerde g\u00f6r\u00fcnebilirler. Ge\u00e7erlilik s\u00fcrelerine g\u00f6re Kal\u0131c\u0131 \u00c7erez ve Ge\u00e7ici \u00c7erez olarak iki \u00e7erez tipi bulunmaktad\u0131r. Ge\u00e7ici \u00e7erezler internet sitesini ziyaret etti\u011finiz esnada olu\u015fturulur ve sadece taray\u0131c\u0131n\u0131z\u0131 kapat\u0131ncaya kadar ge\u00e7erlidirler. Kal\u0131c\u0131 \u00e7erezler ise internet sitesini ziyaret etti\u011finizde olu\u015fturulur ve siz silinceye veya s\u00fcreleri doluncaya kadar kal\u0131rlar. Ayarlar\u0131n\u0131z ile uyumlu ki\u015fiselle\u015ftirilmi\u015f bir deneyim sunma gibi i\u015flemler yapmak i\u00e7in kal\u0131c\u0131 \u00e7erezler kullan\u0131l\u0131rlar. Zorunlu \u00e7erezler internet sitesinin d\u00fczg\u00fcn bir \u015fekilde \u00e7al\u0131\u015fabilmesi ve kullan\u0131c\u0131lar\u0131n sitede gezinme ve \u00f6zelliklerinden yararlanmas\u0131n\u0131 sa\u011flar. Zorunlu \u00e7erezler anonim niteliktedirler. \u0130\u015flevsel ve Analitik \u00e7erezler tercihlerinizi hat\u0131rlamak, internet sitesinin etkin \u015fekilde kullan\u0131lmas\u0131, sitenin kullan\u0131c\u0131 isteklerine cevap verecek \u015fekilde optimize edilmesi ve ziyaret\u00e7ilerin siteyi nas\u0131l kulland\u0131\u011f\u0131 hakk\u0131nda verileri i\u00e7erir. Niteli\u011fi gere\u011fi bu t\u00fcrdeki \u00e7erezler kullan\u0131c\u0131 ad\u0131 vb. ki\u015fisel bilgilerinizi i\u00e7erebilir. Ki\u015fisel veri i\u015flenmesi s\u00f6z konusu oldu\u011fu takdirde TVTURK\u2019in Ki\u015fisel Verilerin Korunmas\u0131 Hakk\u0131nda Politikalar\u0131na ve Ayd\u0131nlatma Metinlerine uygun olarak a\u00e7\u0131k r\u0131za al\u0131nmas\u0131 gerekti\u011fi hallerde r\u0131zan\u0131z al\u0131narak veri i\u015fleme faaliyeti ger\u00e7ekle\u015ftirilecektir. Ticari \u00e7erezler ise ilgi alanlar\u0131n\u0131z ve se\u00e7imleriniz do\u011frultusunda hedefledi\u011finiz \u00fcr\u00fcn\/i\u00e7eri\u011fe benzer nitelikli olanlar\u0131n sunulmas\u0131 ve daha geli\u015fmi\u015f, ki\u015fiselle\u015ftirilmi\u015f bir reklam portf\u00f6y\u00fc sunarak kullan\u0131m deneyiminizi art\u0131rmaya yarar. <\/p>\n\n\n\n<p><strong>\u00dc\u00e7\u00fcnc\u00fc Parti \u00c7erezler <\/strong>: TVTURK, internet siteleri\/mobil uygulamalar\u0131\/mobil internet siteleri \u00fc\u00e7\u00fcnc\u00fc parti g\u00fcvenilir, tan\u0131nm\u0131\u015f reklam sa\u011flay\u0131c\u0131lar\u0131yla \u00e7al\u0131\u015fabilmektedir. \u00dc\u00e7\u00fcnc\u00fc parti hizmet sa\u011flay\u0131c\u0131lar size \u00f6zel reklamlar\u0131 sunabilmek i\u00e7in kendi \u00e7erezlerini yerle\u015ftirmektedirler. \u00dc\u00e7\u00fcnc\u00fc parti taraf\u0131ndan yerle\u015ftirilen \u00e7erezler internet sitelerinde ziyaret\u00e7ilerin gezinme bilgilerini toplar, i\u015fler ve nas\u0131l kulland\u0131klar\u0131n\u0131 analiz eder. <\/p>\n\n\n\n<p><strong>\u00c7erez \u0130zinleri : <\/strong>TVTURK\u2019e ait internet siteleri\/mobil uygulamalar\u0131\/mobil internet sitelerini kullanarak \u00e7erezlerin Politika kapsam\u0131nda uyumlu \u015fekilde kullan\u0131lmas\u0131na onay vermi\u015f olursunuz. Elektronik cihaz\u0131n\u0131zda \u00c7erez uygulamalar\u0131m\u0131z\u0131 kabul etmek istemiyorsan\u0131z \u00c7erez uygulamas\u0131n\u0131 reddedebilirsiniz. \u00c7erezleri reddetmeniz durumunda internet sitemiz veya mobil uygulamalar\u0131m\u0131z gerekti\u011fi gibi \u00e7al\u0131\u015fmayabilir veya talep etti\u011finiz hizmetlerin sunulmas\u0131 s\u0131ras\u0131nda aksakl\u0131klara neden olabilir. \u00c7erezlerin kullan\u0131m\u0131 hakk\u0131nda bilgilendirme TVTURK\u2019e ait internet siteleri\/mobil uygulamalar\u0131\/mobil internet sitelerine yap\u0131lacak ilk ziyarette a\u00e7\u0131l\u0131r pencere ile verilebilecektir. Bu pencereyi kapatt\u0131\u011f\u0131n\u0131zda kabul etmi\u015f say\u0131lacaks\u0131n\u0131z. <\/p>\n\n\n\n<p><strong>\u00c7erez Y\u00f6netimi :<\/strong> \u00c7erezleri devre d\u0131\u015f\u0131 b\u0131rakana kadar depolanm\u0131\u015f olan \u00e7erez verilerini y\u00f6netebilir ve temizleyebilirsiniz. Bu ayarlar\u0131n yeri kulland\u0131\u011f\u0131n\u0131z taray\u0131c\u0131ya g\u00f6re de\u011fi\u015fmektedir. Taray\u0131c\u0131n\u0131zdaki &#8220;Yard\u0131m&#8221; fonksiyonunu kullanarak ilgili ayarlar\u0131n yerini bulabilirsiniz. <\/p>\n\n\n\n<p>TVTURK i\u015fbu Politika\u2019da kullan\u0131c\u0131lar\u0131na veya internet sitesi ziyaret\u00e7ilerine bildirmeksizin de\u011fi\u015fiklik yapma hakk\u0131n\u0131 sakl\u0131 tutar.<\/p>\n","protected":false},"excerpt":{"rendered":"<p>Biz kimiz Pelit Medya Bas\u0131n Yay\u0131n \u0130leti\u015fim A.\u015e. yay\u0131n\u0131 tvTurk.com Web sitemizin adresi: http:\/\/www.tvTurk.com. KVKK VE B\u0130LG\u0130 G\u00dcVENL\u0130\u011e\u0130 TvTurk olarak \u00f6nceliklerimizden birisi de ki\u015fisel bilgilerin g\u00fcvenli\u011fini sa\u011flamakt\u0131r. Ki\u015fisel verilerin korunmas\u0131 ve g\u00fcvenli\u011fine ili\u015fkin t\u00fcm yasal d\u00fczenleme ve kanunlara uygun davranmak en \u00f6nemli kural\u0131m\u0131zd\u0131r. Veri Gizlili\u011fini Korumaya \u0130li\u015fkin Taahh\u00fcd\u00fcm\u00fcz Ki\u015fisel verilerinizin g\u00fcvenli\u011fini ve gizlili\u011fini korumak bizim [&hellip;]<\/p>\n","protected":false},"author":1,"featured_media":0,"parent":0,"menu_order":0,"comment_status":"closed","ping_status":"closed","template":"tmpl-front-page.php","meta":{"jetpack_post_was_ever_published":false,"footnotes":""},"class_list":["post-270","page","type-page","status-publish","hentry"],"jetpack_sharing_enabled":true,"jetpack_shortlink":"https:\/\/wp.me\/PaKIfm-4m","_links":{"self":[{"href":"http:\/\/www.tvturk.com\/index.php\/wp-json\/wp\/v2\/pages\/270","targetHints":{"allow":["GET"]}}],"collection":[{"href":"http:\/\/www.tvturk.com\/index.php\/wp-json\/wp\/v2\/pages"}],"about":[{"href":"http:\/\/www.tvturk.com\/index.php\/wp-json\/wp\/v2\/types\/page"}],"author":[{"embeddable":true,"href":"http:\/\/www.tvturk.com\/index.php\/wp-json\/wp\/v2\/users\/1"}],"replies":[{"embeddable":true,"href":"http:\/\/www.tvturk.com\/index.php\/wp-json\/wp\/v2\/comments?post=270"}],"version-history":[{"count":5,"href":"http:\/\/www.tvturk.com\/index.php\/wp-json\/wp\/v2\/pages\/270\/revisions"}],"predecessor-version":[{"id":277,"href":"http:\/\/www.tvturk.com\/index.php\/wp-json\/wp\/v2\/pages\/270\/revisions\/277"}],"wp:attachment":[{"href":"http:\/\/www.tvturk.com\/index.php\/wp-json\/wp\/v2\/media?parent=270"}],"curies":[{"name":"wp","href":"https:\/\/api.w.org\/{rel}","templated":true}]}}