{"id":30569,"date":"2019-02-13T23:52:11","date_gmt":"2019-02-13T20:52:11","guid":{"rendered":"http:\/\/www.tvturk.com\/?page_id=30569"},"modified":"2019-02-18T17:16:11","modified_gmt":"2019-02-18T14:16:11","slug":"reklam","status":"publish","type":"page","link":"http:\/\/www.tvturk.com\/index.php\/reklam\/","title":{"rendered":"Reklam"},"content":{"rendered":"\n<p><strong>PEL\u0130T MEDYA BASIN YAYIN \u0130LET\u0130\u015e\u0130M A.\u015e.<\/strong><\/p>\n\n\n\n<p><strong>www.tvTurk.com REKLAM KO\u015eULLARI<\/strong><\/p>\n\n\n\n<p>tvTurk.com temelleri 2000 \u2018li y\u0131llar\u0131n\nba\u015flar\u0131na dayanan ba\u011f\u0131ms\u0131z ve herkese a\u00e7\u0131k bir medya platformu olu\u015fturma fikri\nile yola \u00e7\u0131km\u0131\u015f, bilimi, teknolojiyi, insanl\u0131\u011f\u0131, do\u011fay\u0131, ya\u015fam\u0131 ve benzer t\u00fcm\ng\u00fczellikleri referans alm\u0131\u015ft\u0131r. \u0130ster yerelde kals\u0131n, isterse global olmay\u0131\nba\u015fars\u0131n, \u00e7izgisi ger\u00e7ek ve do\u011fruyu takip etmek olacakt\u0131r. Kat\u0131l\u0131mc\u0131, \u00e7ok\ny\u00f6nl\u00fc, d\u00fc\u015f\u00fcncenin temel al\u0131nd\u0131\u011f\u0131, insanl\u0131\u011f\u0131 y\u00fccelten, ortak de\u011ferlerle\n\u00e7at\u0131\u015fmayan, din, dil, renk, cinsiyet, \u0131rk ve men\u015fey ay\u0131rt etmeyen, sayg\u0131y\u0131\ntemel de\u011fer, sevgiyi katma de\u011fer sayan bir anlay\u0131\u015f ile kavrayabildi\u011fi kadar \u00e7ok\ninsan\u0131 temsil etmek isteyen sizin medyan\u0131z, \u201cyeni nesil s\u00fcper medya\u201d t\u00fcm\nalanlarda \u00e7\u0131tay\u0131 y\u00fckseltecektir.<\/p>\n\n\n\n<p>Yay\u0131n politikalar\u0131m\u0131z kapsam\u0131nda 01.02.2019\ntarihinde resmi olarak ba\u015flad\u0131\u011f\u0131m\u0131z web haber, yorum, analiz ve benzeri\ni\u00e7eri\u011fin payla\u015f\u0131ld\u0131\u011f\u0131 <a href=\"http:\/\/www.tvTurk.com\">www.tvTurk.com<\/a>\nsitemizde yay\u0131nlanacak reklamlar hedefe ula\u015fmay\u0131 kolayla\u015ft\u0131racak ve\nkurum\/kurulu\u015flara de\u011fer katacakt\u0131r.<\/p>\n\n\n\n<p>2019 y\u0131l\u0131 i\u00e7erisinde, T\u00fcrkiye genelinde ilk 10\nweb medya portali i\u00e7erisine girmeyi hedefleyen kurulu\u015fumuz, s\u00fcrekli geli\u015fen\ni\u00e7eri\u011fi, s\u00fcrekli ve yo\u011fun haber ak\u0131\u015f\u0131, zengin ve geni\u015f yazar kadrosu, renkli ve\nfarkl\u0131 tondan sesleri ile dikkat \u00e7ekici bir ivme ile yay\u0131nlar\u0131na ba\u015flad\u0131.<\/p>\n\n\n\n<p>Bu kapsamda \u015fu anda a\u015fa\u011f\u0131daki se\u00e7enekler ile\nreklam hizmeti ve sponsorluk vermekteyiz;<\/p>\n\n\n\n<p><strong>1-Banner\nReklamlar\u0131<\/strong><\/p>\n\n\n\n<p>tvTurk.com i\u00e7in \u00f6zel olarak haz\u0131rlanm\u0131\u015f g\u00f6rsel\nresim ve\/veya yaz\u0131 i\u00e7eri\u011fi bulunan, bilgisayar ortam\u0131nda 120x600px, 728x90px,\n300x250px, mobil ortamda 468x60px, 300x100px, 300x250px gibi \u00f6l\u00e7eklere sahip\nreklamlard\u0131r. \u0130lgili alan i\u00e7in ayl\u0131k kira bedeli ile yap\u0131lan s\u00f6zle\u015fmeye\nistinaden s\u0131n\u0131rs\u0131z g\u00f6sterim ve trafik i\u00e7in ge\u00e7erlidir.<\/p>\n\n\n\n<p><strong><em>Banner Reklam ko\u015fullar\u0131 ve teknik \u00f6zellikleri:<\/em><\/strong><\/p>\n\n\n\n<ul class=\"wp-block-list\"><li>Banner boyutunuz banner reklam alanlar\u0131nda\nbelirtilen pixel boyutlar\u0131nda olmal\u0131d\u0131r.<\/li><li>Haz\u0131rlayaca\u011f\u0131n\u0131z banner, 72dpi \u00e7\u00f6z\u00fcn\u00fcrl\u00fckte,\njpeg, gif, png veya swf formatlar\u0131nda olmal\u0131 ve dosya b\u00fcy\u00fckl\u00fc\u011f\u00fc 50Kb\u2019\u0131\nge\u00e7memelidir.<\/li><li>Hareketli haz\u0131rlanan bannerler g\u00f6z\u00fc rahats\u0131z\nedecek, sitenin g\u00f6r\u00fcm\u00fcn\u00fc bozacak derecede yan\u0131p s\u00f6nme efekti i\u00e7ermemelidir.<\/li><li>Haz\u0131rlad\u0131\u011f\u0131n\u0131z banner i\u00e7in bir adet d\u0131\u015f link\nverilebilece\u011finden, ilgili linkte yer alan i\u00e7erik veya reklama konu\nyaz\u0131\/hizmet\/\u00fcr\u00fcn\/malzemenin veya materyalin mutlaka banner ile ayn\u0131 i\u00e7erikte\nolmas\u0131 gerekmektedir. \u00d6rne\u011fin : Giyim Ma\u011fazas\u0131 i\u00e7in haz\u0131rlanm\u0131\u015f bir banner\n\u00fczerine tekel \u00fcr\u00fcnleri satan bir web sayfas\u0131 linki eklenilemez.<\/li><li>Reklam bannerlar\u0131n\u0131z yoksa tvTurk.com\nanla\u015fmal\u0131 ajanslar\u0131 sizin ad\u0131n\u0131za reklam tasarlayabilir. Bu ama\u00e7la ilave olarak\nteklif isteyebilirsiniz.<\/li><li>tvTurk.com yay\u0131nlayaca\u011f\u0131 banner reklamlar i\u00e7in\nteknik temelli (iletim ortam\u0131 nedeni ile yava\u015f a\u00e7\u0131lma, browser uyumsuzluklar\u0131\nve i\u015fletim sistemi temelli lokal) nedenlerle olu\u015fan \u015fikayetlerden sorumlu\ntutulamaz.<\/li><li>Banner reklamlar\u0131n sayfa ile beraber\nkayd\u0131r\u0131lmas\u0131 konusunda t\u00fcm yetki tvTurk.com tasarrufundad\u0131r.<\/li><\/ul>\n\n\n\n<p><strong>2-Advetorial\nReklamlar<\/strong><\/p>\n\n\n\n<p>tvTurk.com i\u00e7in \u00f6zel olarak yaz\u0131lm\u0131\u015f en fazla\n500 kelime uzunlu\u011fundaki haber metnidir. Bir adet resim i\u00e7erir. \u0130lgili\nkategorilerde ve ana sayfada yay\u0131nlan\u0131r. tvTurk.com sosyal medya hesaplar\u0131nda\npayla\u015f\u0131l\u0131r. Advetorial reklamlar, banner reklam ile birlikte kullan\u0131ld\u0131\u011f\u0131nda\ndaha etkili sonu\u00e7lar vermektedir.<\/p>\n\n\n\n<p><strong>3-Sponsorluklar<\/strong><\/p>\n\n\n\n<p>Sponsorluklar yap\u0131lan etkinlik t\u00fcr\u00fcne g\u00f6re\nfarkl\u0131l\u0131klar g\u00f6sterebilmektedir. tvTurk.com genel olarak a\u015fa\u011f\u0131daki\nkategorilerde sponsorluklar vermektedir;<\/p>\n\n\n\n<ul class=\"wp-block-list\"><li>Ana Sponsorluk<\/li><li>Ula\u015f\u0131m Sponsorlu\u011fu<\/li><li>\u0130leti\u015fim Sponsorlu\u011fu<\/li><li>Web Sponsorlu\u011fu<\/li><li>Teknik Sponsorluk<\/li><li>Fuar Sponsorlu\u011fu<\/li><li>Haftal\u0131k B\u00fclten Sponsorlu\u011fu<\/li><li>Medya ve Haber Sponsorlu\u011fu<\/li><\/ul>\n\n\n\n<p><strong>Reklam ve\nSponsorluk Fiyatlar\u0131 (2019 Y\u0131l\u0131 \u2013 \u0130lk \u00c7eyrek)<\/strong><\/p>\n\n\n\n<table class=\"wp-block-table\"><tbody><tr><td>\n  <strong>Reklam Katagorisi<\/strong>\n  <\/td><td>\n  <strong>Reklam Boyutu<\/strong>\n  (Bilgisayar\/Mobil)\n  <\/td><td>\n  <strong>Ayl\u0131k<\/strong>\n  <\/td><td>\n  <strong>3 AYLIK<\/strong>\n  <\/td><\/tr><tr><td>\n  \u0130nce Uzun Yatay\n  Banner\n  <\/td><td>\n  728x90px \/ 468x60px\n  <\/td><td>\n  1.000TL+KDV\n  <\/td><td>\n  2.400TL+KDV\n  <\/td><\/tr><tr><td>\n  \u0130nce Uzun\n  Dikey Banner (Sol)\n  <\/td><td>\n  120x600px \/ ***\n  <\/td><td>\n  1.200TL+KDV\n  <\/td><td>\n  2.880TL+KDV\n  <\/td><\/tr><tr><td>\n  \u0130nce Uzun\n  Dikey Banner (Sa\u011f)\n  <\/td><td>\n  120x600px \/ ***\n  <\/td><td>\n  1.200TL+KDV\n  <\/td><td>\n  2.880TL+KDV\n  <\/td><\/tr><tr><td>\n  Haber Aras\u0131\n  Banner\n  <\/td><td>\n  600\u00d7300px \/ 300x100px\n  <\/td><td>\n  500TL+KDV\n  <\/td><td>\n  1.200TL+KDV\n  <\/td><\/tr><tr><td>\n  Sayfa Banner\n  <\/td><td>\n  300x250px \/ 300x250px\n  <\/td><td>\n  400TL+KDV\n  <\/td><td>\n  960TL+KDV\n  <\/td><\/tr><tr><td>\n  \u00dcr\u00fcn\/Hizmet\n  Tan\u0131t\u0131m\u0131 Adv-A\n  <\/td><td>\n  Sadece Advetorial Haber\n  <\/td><td>\n  800TL+KDV\n  <\/td><td>\n  1.920TL+KDV\n  <\/td><\/tr><tr><td>\n  \u00dcr\u00fcn\/Hizmet\n  Tan\u0131t\u0131m\u0131 Adv-B\n  <\/td><td>\n  Advetorial haber + \u0130nce Uzun Yatay Banner\n  <\/td><td>\n  1.500TL+KDV\n  <\/td><td>\n  3.600TL+KDV\n  <\/td><\/tr><tr><td>\n  Haber\n  Sponsorlugu\n  <\/td><td>\n  Haber alt\u0131 bannerli\n  <\/td><td>\n  1.000TL+KDV\n  <\/td><td>\n  2.400TL+KDV\n  <\/td><\/tr><tr><td>\n  Di\u011fer\n  sponsorluklar\n  <\/td><td>\n  ***\n  <\/td><td>\n  Sorunuz\n  <\/td><td>\n  Sorunuz\n  <\/td><\/tr><\/tbody><\/table>\n","protected":false},"excerpt":{"rendered":"<p>PEL\u0130T MEDYA BASIN YAYIN \u0130LET\u0130\u015e\u0130M A.\u015e. www.tvTurk.com REKLAM KO\u015eULLARI tvTurk.com temelleri 2000 \u2018li y\u0131llar\u0131n ba\u015flar\u0131na dayanan ba\u011f\u0131ms\u0131z ve herkese a\u00e7\u0131k bir medya platformu olu\u015fturma fikri ile yola \u00e7\u0131km\u0131\u015f, bilimi, teknolojiyi, insanl\u0131\u011f\u0131, do\u011fay\u0131, ya\u015fam\u0131 ve benzer t\u00fcm g\u00fczellikleri referans alm\u0131\u015ft\u0131r. \u0130ster yerelde kals\u0131n, isterse global olmay\u0131 ba\u015fars\u0131n, \u00e7izgisi ger\u00e7ek ve do\u011fruyu takip etmek olacakt\u0131r. Kat\u0131l\u0131mc\u0131, \u00e7ok [&hellip;]<\/p>\n","protected":false},"author":1,"featured_media":0,"parent":0,"menu_order":0,"comment_status":"closed","ping_status":"closed","template":"kunye.php","meta":{"jetpack_post_was_ever_published":false,"footnotes":""},"class_list":["post-30569","page","type-page","status-publish","hentry"],"jetpack_sharing_enabled":true,"jetpack_shortlink":"https:\/\/wp.me\/PaKIfm-7X3","_links":{"self":[{"href":"http:\/\/www.tvturk.com\/index.php\/wp-json\/wp\/v2\/pages\/30569","targetHints":{"allow":["GET"]}}],"collection":[{"href":"http:\/\/www.tvturk.com\/index.php\/wp-json\/wp\/v2\/pages"}],"about":[{"href":"http:\/\/www.tvturk.com\/index.php\/wp-json\/wp\/v2\/types\/page"}],"author":[{"embeddable":true,"href":"http:\/\/www.tvturk.com\/index.php\/wp-json\/wp\/v2\/users\/1"}],"replies":[{"embeddable":true,"href":"http:\/\/www.tvturk.com\/index.php\/wp-json\/wp\/v2\/comments?post=30569"}],"version-history":[{"count":3,"href":"http:\/\/www.tvturk.com\/index.php\/wp-json\/wp\/v2\/pages\/30569\/revisions"}],"predecessor-version":[{"id":45817,"href":"http:\/\/www.tvturk.com\/index.php\/wp-json\/wp\/v2\/pages\/30569\/revisions\/45817"}],"wp:attachment":[{"href":"http:\/\/www.tvturk.com\/index.php\/wp-json\/wp\/v2\/media?parent=30569"}],"curies":[{"name":"wp","href":"https:\/\/api.w.org\/{rel}","templated":true}]}}